{"id":2045,"date":"2023-12-21T17:14:20","date_gmt":"2023-12-21T16:14:20","guid":{"rendered":"https:\/\/www.maha-maya-center.com\/?page_id=2045"},"modified":"2023-12-21T17:55:11","modified_gmt":"2023-12-21T16:55:11","slug":"hiao-retreat-februar-2024","status":"publish","type":"page","link":"https:\/\/www.maha-maya-center.com\/en\/hiao-retreat-februar-2024\/","title":{"rendered":"HIAO Retreat \u2013 February 2024"},"content":{"rendered":"<p>[et_pb_section fb_built=&#8220;1&#8243; next_background_color=&#8220;#ffffff&#8220; _builder_version=&#8220;4.16&#8243; _module_preset=&#8220;default&#8220; background_color=&#8220;#cb0767&#8243; bottom_divider_style=&#8220;ramp2&#8243; bottom_divider_height=&#8220;341px&#8220; bottom_divider_height_tablet=&#8220;212px&#8220; bottom_divider_height_phone=&#8220;90px&#8220; bottom_divider_height_last_edited=&#8220;on|tablet&#8220; module_alignment_tablet=&#8220;&#8220; module_alignment_phone=&#8220;&#8220; module_alignment_last_edited=&#8220;on|phone&#8220; global_colors_info=&#8220;{}&#8220; theme_builder_area=&#8220;post_content&#8220;][et_pb_row disabled_on=&#8220;off|on|on&#8220; _builder_version=&#8220;4.16&#8243; _module_preset=&#8220;default&#8220; width=&#8220;78%&#8220; min_height=&#8220;403px&#8220; custom_margin=&#8220;||-40px||false|false&#8220; module_alignment_tablet=&#8220;center&#8220; module_alignment_phone=&#8220;center&#8220; module_alignment_last_edited=&#8220;on|tablet&#8220; global_colors_info=&#8220;{}&#8220; theme_builder_area=&#8220;post_content&#8220;][et_pb_column type=&#8220;4_4&#8243; _builder_version=&#8220;4.16&#8243; _module_preset=&#8220;default&#8220; global_colors_info=&#8220;{}&#8220; theme_builder_area=&#8220;post_content&#8220;][et_pb_image src=&#8220;https:\/\/www.maha-maya-center.com\/root\/wp-content\/uploads\/2021\/03\/210218_01_Entwurf_Maha-Maya-Logo_pfade.png&#8220; alt=&#8220;Maha Maya Center of Consciousness Logo&#8220; title_text=&#8220;21021Maha Maya Center of Consciousness Logo8_01_Entwurf_Maha Maya Logo_pfade&#8220; show_bottom_space=&#8220;off&#8220; _builder_version=&#8220;4.16&#8243; _module_preset=&#8220;default&#8220; width=&#8220;65%&#8220; module_alignment=&#8220;center&#8220; custom_margin=&#8220;-40px||||false|false&#8220; global_colors_info=&#8220;{}&#8220; theme_builder_area=&#8220;post_content&#8220;][\/et_pb_image][et_pb_text _builder_version=&#8220;4.21.0&#8243; _module_preset=&#8220;default&#8220; header_text_align=&#8220;center&#8220; header_text_color=&#8220;#FFFFFF&#8220; header_font_size=&#8220;32px&#8220; header_line_height=&#8220;1.2em&#8220; custom_margin=&#8220;25px||||false|false&#8220; hover_enabled=&#8220;0&#8243; global_colors_info=&#8220;{}&#8220; theme_builder_area=&#8220;post_content&#8220; sticky_enabled=&#8220;0&#8243;]<\/p>\n<h1>HIAO Retreat<\/h1>\n<p>[\/et_pb_text][\/et_pb_column][\/et_pb_row][et_pb_row column_structure=&#8220;1_2,1_2&#8243; make_equal=&#8220;on&#8220; disabled_on=&#8220;on|off|on&#8220; _builder_version=&#8220;4.16&#8243; _module_preset=&#8220;default&#8220; width=&#8220;90%&#8220; min_height=&#8220;403px&#8220; custom_margin=&#8220;||10px||false|false&#8220; module_alignment_tablet=&#8220;center&#8220; module_alignment_phone=&#8220;center&#8220; module_alignment_last_edited=&#8220;on|tablet&#8220; global_colors_info=&#8220;{}&#8220; theme_builder_area=&#8220;post_content&#8220;][et_pb_column type=&#8220;1_2&#8243; _builder_version=&#8220;4.16&#8243; _module_preset=&#8220;default&#8220; global_colors_info=&#8220;{}&#8220; theme_builder_area=&#8220;post_content&#8220;][et_pb_image src=&#8220;https:\/\/www.maha-maya-center.com\/root\/wp-content\/uploads\/2021\/03\/210218_01_Entwurf_Maha-Maya-Logo_pfade.png&#8220; alt=&#8220;Maha Maya Center of Consciousness Logo&#8220; title_text=&#8220;21021Maha Maya Center of Consciousness Logo8_01_Entwurf_Maha Maya Logo_pfade&#8220; show_bottom_space=&#8220;off&#8220; align=&#8220;center&#8220; _builder_version=&#8220;4.16&#8243; _module_preset=&#8220;default&#8220; width=&#8220;43%&#8220; module_alignment=&#8220;center&#8220; custom_margin=&#8220;-20px||||false|false&#8220; global_colors_info=&#8220;{}&#8220; theme_builder_area=&#8220;post_content&#8220;][\/et_pb_image][\/et_pb_column][et_pb_column type=&#8220;1_2&#8243; _builder_version=&#8220;4.16&#8243; _module_preset=&#8220;default&#8220; global_colors_info=&#8220;{}&#8220; theme_builder_area=&#8220;post_content&#8220;][et_pb_text _builder_version=&#8220;4.21.0&#8243; _module_preset=&#8220;default&#8220; header_text_align=&#8220;center&#8220; header_text_color=&#8220;#FFFFFF&#8220; header_font_size=&#8220;48px&#8220; header_line_height=&#8220;1.2em&#8220; custom_margin=&#8220;0px||||false|false&#8220; hover_enabled=&#8220;0&#8243; global_colors_info=&#8220;{}&#8220; theme_builder_area=&#8220;post_content&#8220; sticky_enabled=&#8220;0&#8243;]<\/p>\n<h1>HIAO Retreat<\/h1>\n<p>[\/et_pb_text][\/et_pb_column][\/et_pb_row][et_pb_row column_structure=&#8220;1_3,2_3&#8243; disabled_on=&#8220;on|on|off&#8220; _builder_version=&#8220;4.16&#8243; _module_preset=&#8220;default&#8220; width=&#8220;88%&#8220; min_height=&#8220;403px&#8220; module_alignment_tablet=&#8220;center&#8220; module_alignment_phone=&#8220;center&#8220; module_alignment_last_edited=&#8220;on|tablet&#8220; global_colors_info=&#8220;{}&#8220; theme_builder_area=&#8220;post_content&#8220;][et_pb_column type=&#8220;1_3&#8243; _builder_version=&#8220;4.16&#8243; _module_preset=&#8220;default&#8220; global_colors_info=&#8220;{}&#8220; theme_builder_area=&#8220;post_content&#8220;][et_pb_image src=&#8220;https:\/\/www.maha-maya-center.com\/root\/wp-content\/uploads\/2021\/03\/210218_01_Entwurf_Maha-Maya-Logo_pfade.png&#8220; alt=&#8220;Maha Maya Center of Consciousness Logo&#8220; title_text=&#8220;21021Maha Maya Center of Consciousness Logo8_01_Entwurf_Maha Maya Logo_pfade&#8220; _builder_version=&#8220;4.16&#8243; _module_preset=&#8220;default&#8220; width=&#8220;100%&#8220; height_tablet=&#8220;247px&#8220; height_phone=&#8220;189px&#8220; height_last_edited=&#8220;on|tablet&#8220; custom_margin_tablet=&#8220;&#8220; custom_margin_phone=&#8220;-30px||||false|false&#8220; custom_margin_last_edited=&#8220;on|phone&#8220; module_alignment_tablet=&#8220;left&#8220; module_alignment_phone=&#8220;left&#8220; module_alignment_last_edited=&#8220;on|tablet&#8220; global_colors_info=&#8220;{}&#8220; theme_builder_area=&#8220;post_content&#8220;][\/et_pb_image][\/et_pb_column][et_pb_column type=&#8220;2_3&#8243; _builder_version=&#8220;4.16&#8243; _module_preset=&#8220;default&#8220; positioning=&#8220;none&#8220; position_origin_r=&#8220;bottom_left&#8220; vertical_offset=&#8220;188px&#8220; horizontal_offset=&#8220;108px&#8220; z_index=&#8220;0&#8243; global_colors_info=&#8220;{}&#8220; theme_builder_area=&#8220;post_content&#8220;][et_pb_text _builder_version=&#8220;4.21.0&#8243; _module_preset=&#8220;default&#8220; hover_enabled=&#8220;0&#8243; global_colors_info=&#8220;{}&#8220; theme_builder_area=&#8220;post_content&#8220; sticky_enabled=&#8220;0&#8243;]<\/p>\n<h1><span style=\"color: #ffffff;\">HIAO Retreat<\/span><span style=\"color: #ffffff;\"><\/span><\/h1>\n<p>[\/et_pb_text][\/et_pb_column][\/et_pb_row][\/et_pb_section][et_pb_section fb_built=&#8220;1&#8243; _builder_version=&#8220;4.21.0&#8243; _module_preset=&#8220;default&#8220; global_colors_info=&#8220;{}&#8220;][et_pb_row _builder_version=&#8220;4.21.0&#8243; _module_preset=&#8220;default&#8220; global_colors_info=&#8220;{}&#8220;][et_pb_column type=&#8220;4_4&#8243; _builder_version=&#8220;4.21.0&#8243; _module_preset=&#8220;default&#8220; global_colors_info=&#8220;{}&#8220;][et_pb_text _builder_version=&#8220;4.21.0&#8243; _module_preset=&#8220;default&#8220; global_colors_info=&#8220;{}&#8220;]<\/p>\n<h2>HIAO Retreat \u2013 February 2024<\/h2>\n<p>[\/et_pb_text][et_pb_image src=&#8220;https:\/\/www.maha-maya-center.com\/root\/wp-content\/uploads\/2023\/04\/view-seminar-hall-scaled.jpg&#8220; title_text=&#8220;view seminar hall&#8220; _builder_version=&#8220;4.21.0&#8243; _module_preset=&#8220;default&#8220; global_colors_info=&#8220;{}&#8220;][\/et_pb_image][et_pb_text _builder_version=&#8220;4.21.0&#8243; _module_preset=&#8220;default&#8220; global_colors_info=&#8220;{}&#8220;]<\/p>\n<p>Every one of us carries the key for awakening. Following our karma, we will apparently follow a path in our life, that may display this key.<br \/>Every one of us carries the key for awakening. Following our karma, we will apparently follow a path in our life, that may display this key. There is so much wisdom in this world, so many techniques that have the potential to free the chains of illusion, to lead to reli-gio, to help to identify with the light. This might be the way of shaman, of the mayas, of yoga or HIAO. We may trust, that if a path attracts us we can follow it, because our soul brought it into our life.<\/p>\n<p>If we are western people, we might ask: if budhist monks learn meditation from the very beginning, if children in India attend a Sanskrit school, if mayas pass the wisdom from generation to generation, how should we follow this path, when we life a western life?<\/p>\n<p>How can it lead us to inner wisdom and to inner freedom \u2013 to the knowledge of our self?<\/p>\n<p>Is this possible in a western life?<\/p>\n<p>Well, everybody has the freedom to decide what is important in ones life.<\/p>\n<p>Well, everybody has the freedom to decide what is important in ones life. We might assume that there are many seducements, that may put humans off the path of the desire to perceive a free, full and huge life.<\/p>\n<p>I am happy to offer a HIAO retreat to this huge topic here in Maha Maya land in Kerala.<\/p>\n<p>We train our body to make it permeable again. In this state you will attend vedic ceremonies, like puja, seva for the shiva lingam and holy fire.<\/p>\n<p>It\u2019s more than urgent now, that EVERY human immerses in spirituality.<\/p>\n<p>It\u2019s time for Shakti \u2013 the female creativity.<\/p>\n<p>Because if shakti relieves in every one of us and in the world itself, then we all find the deep female potential to sense wisdom.\nIf we remember what it is like to sense, we will realize how magic these old rites are that were taken over by all religions.<\/p>\n<p>Then we feel and perceive the magic and become part of it.<\/p>\n<p>Maha Maya land is dedicated to this duty. The healing of shakti in every man and every women.<\/p>\n<p>It will deeply change your imagination, your pride, your creativity.<\/p>\n<p>[\/et_pb_text][\/et_pb_column][\/et_pb_row][et_pb_row column_structure=&#8220;1_2,1_2&#8243; _builder_version=&#8220;4.21.0&#8243; _module_preset=&#8220;default&#8220; global_colors_info=&#8220;{}&#8220;][et_pb_column type=&#8220;1_2&#8243; _builder_version=&#8220;4.21.0&#8243; _module_preset=&#8220;default&#8220; global_colors_info=&#8220;{}&#8220;][et_pb_image src=&#8220;https:\/\/www.maha-maya-center.com\/root\/wp-content\/uploads\/2022\/06\/IMG_5604-scaled.jpg&#8220; title_text=&#8220;IMG_5604&#8243; _builder_version=&#8220;4.21.0&#8243; _module_preset=&#8220;default&#8220; global_colors_info=&#8220;{}&#8220;][\/et_pb_image][\/et_pb_column][et_pb_column type=&#8220;1_2&#8243; _builder_version=&#8220;4.21.0&#8243; _module_preset=&#8220;default&#8220; global_colors_info=&#8220;{}&#8220;][et_pb_image src=&#8220;https:\/\/www.maha-maya-center.com\/root\/wp-content\/uploads\/2023\/12\/Maha-Maya-sunlight-1.jpg&#8220; title_text=&#8220;Maha Maya sunlight&#8220; _builder_version=&#8220;4.21.0&#8243; _module_preset=&#8220;default&#8220; global_colors_info=&#8220;{}&#8220;][\/et_pb_image][\/et_pb_column][\/et_pb_row][et_pb_row column_structure=&#8220;1_2,1_2&#8243; _builder_version=&#8220;4.21.0&#8243; _module_preset=&#8220;default&#8220; global_colors_info=&#8220;{}&#8220;][et_pb_column type=&#8220;1_2&#8243; _builder_version=&#8220;4.21.0&#8243; _module_preset=&#8220;default&#8220; global_colors_info=&#8220;{}&#8220;][et_pb_text _builder_version=&#8220;4.21.0&#8243; _module_preset=&#8220;default&#8220; global_colors_info=&#8220;{}&#8220;]<\/p>\n<h4>Facts about the retreat<\/h4>\n<p>&nbsp;<\/p>\n<p>The retreat takes place from 29th of February to 13th of March 2024.<\/p>\n<p>14 days stay with 9-10 retreat days<\/p>\n<p>Price per person in double occupation: \u20ac 1660.00 plus 18% tax<br \/>Price per person in single room: \u20ac 1.920,- plus 18% GSTax (if available)<\/p>\n<p>Requests to be sent to info@maha-maya-center.com<\/p>\n<p>[\/et_pb_text][\/et_pb_column][et_pb_column type=&#8220;1_2&#8243; _builder_version=&#8220;4.21.0&#8243; _module_preset=&#8220;default&#8220; global_colors_info=&#8220;{}&#8220;][et_pb_text _builder_version=&#8220;4.21.0&#8243; _module_preset=&#8220;default&#8220; global_colors_info=&#8220;{}&#8220;]<\/p>\n<p>Included in the price:<br \/>Participation in the retreat and rites, vegetarian fullboard, airport transportation, all transportations included in the retreat, 1 ayuvedic massage per person<\/p>\n<p>[\/et_pb_text][et_pb_button button_url=&#8220;mailto:info@maha-maya-center.com&#8220; button_text=&#8220;Buchen&#8220; button_alignment=&#8220;center&#8220; _builder_version=&#8220;4.21.0&#8243; _module_preset=&#8220;default&#8220; global_colors_info=&#8220;{}&#8220;][\/et_pb_button][\/et_pb_column][\/et_pb_row][\/et_pb_section]<\/p>","protected":false},"excerpt":{"rendered":"<p>HIAO RetreatHIAO RetreatHIAO RetreatHIAO Retreat &#8211; Februar 2024In jedem von uns ist der Schl\u00fcssel des Erwachens angelegt. Dem Karma entsprechend werden wir in dem Leben dann scheinbar zuf\u00e4llig von dem Weg angezogen, der diesen Schl\u00fcssel offenbaren kann.Es gibt so viele tiefe Weisheiten und Techniken auf der ganzen Welt, die zur Befreiung unserer Fesseln und Illusionen, [&hellip;]<\/p>","protected":false},"author":2,"featured_media":0,"parent":0,"menu_order":0,"comment_status":"closed","ping_status":"closed","template":"","meta":{"_et_pb_use_builder":"on","_et_pb_old_content":"","_et_gb_content_width":"","footnotes":""},"class_list":["post-2045","page","type-page","status-publish","hentry"],"_links":{"self":[{"href":"https:\/\/www.maha-maya-center.com\/en\/wp-json\/wp\/v2\/pages\/2045","targetHints":{"allow":["GET"]}}],"collection":[{"href":"https:\/\/www.maha-maya-center.com\/en\/wp-json\/wp\/v2\/pages"}],"about":[{"href":"https:\/\/www.maha-maya-center.com\/en\/wp-json\/wp\/v2\/types\/page"}],"author":[{"embeddable":true,"href":"https:\/\/www.maha-maya-center.com\/en\/wp-json\/wp\/v2\/users\/2"}],"replies":[{"embeddable":true,"href":"https:\/\/www.maha-maya-center.com\/en\/wp-json\/wp\/v2\/comments?post=2045"}],"version-history":[{"count":4,"href":"https:\/\/www.maha-maya-center.com\/en\/wp-json\/wp\/v2\/pages\/2045\/revisions"}],"predecessor-version":[{"id":2065,"href":"https:\/\/www.maha-maya-center.com\/en\/wp-json\/wp\/v2\/pages\/2045\/revisions\/2065"}],"wp:attachment":[{"href":"https:\/\/www.maha-maya-center.com\/en\/wp-json\/wp\/v2\/media?parent=2045"}],"curies":[{"name":"wp","href":"https:\/\/api.w.org\/{rel}","templated":true}]}}