{"id":1761,"date":"2022-11-24T13:53:09","date_gmt":"2022-11-24T12:53:09","guid":{"rendered":"https:\/\/www.maha-maya-center.com\/?page_id=1761"},"modified":"2022-11-24T14:00:14","modified_gmt":"2022-11-24T13:00:14","slug":"landingpage","status":"publish","type":"page","link":"https:\/\/www.maha-maya-center.com\/en\/landingpage\/","title":{"rendered":"Landingpage"},"content":{"rendered":"<p>[et_pb_section fb_built=&#8220;1&#8243; next_background_color=&#8220;#ffffff&#8220; _builder_version=&#8220;4.16&#8243; _module_preset=&#8220;default&#8220; background_color=&#8220;#cb0767&#8243; bottom_divider_style=&#8220;ramp2&#8243; bottom_divider_height=&#8220;341px&#8220; bottom_divider_height_tablet=&#8220;212px&#8220; bottom_divider_height_phone=&#8220;90px&#8220; bottom_divider_height_last_edited=&#8220;on|tablet&#8220; module_alignment_tablet=&#8220;&#8220; module_alignment_phone=&#8220;&#8220; module_alignment_last_edited=&#8220;on|phone&#8220; global_colors_info=&#8220;{}&#8220;][et_pb_row _builder_version=&#8220;4.18.1&#8243; _module_preset=&#8220;default&#8220; width=&#8220;100%&#8220; max_width=&#8220;2560px&#8220; custom_margin=&#8220;-100px||||false|false&#8220; global_colors_info=&#8220;{}&#8220;][et_pb_column type=&#8220;4_4&#8243; _builder_version=&#8220;4.18.1&#8243; _module_preset=&#8220;default&#8220; global_colors_info=&#8220;{}&#8220;][et_pb_slider _builder_version=&#8220;4.18.1&#8243; _module_preset=&#8220;default&#8220; hover_enabled=&#8220;0&#8243; global_colors_info=&#8220;{}&#8220; sticky_enabled=&#8220;0&#8243;][et_pb_slide heading=&#8220;Entdecke das Maha Maya Center&#8220; button_text=&#8220;Lerne unser Angebot kennen&#8220; button_link=&#8220;https:\/\/www.maha-maya-center.com\/book-online\/&#8220; image=&#8220;https:\/\/www.maha-maya-center.com\/root\/wp-content\/uploads\/2022\/09\/Ganzes-Zentrum.jpeg&#8220; _builder_version=&#8220;4.18.1&#8243; _module_preset=&#8220;default&#8220; header_font_size=&#8220;51px&#8220; background_color=&#8220;RGBA(255,255,255,0)&#8220; background_enable_color=&#8220;on&#8220; hover_enabled=&#8220;0&#8243; border_radii_image=&#8220;on|6px|6px|6px|6px&#8220; global_colors_info=&#8220;{}&#8220; sticky_transition=&#8220;on&#8220; url_new_window=&#8220;on&#8220; sticky_enabled=&#8220;0&#8243;]<\/p>\n<div class=\"et_pb_module et_pb_text et_pb_text_13  et_pb_text_align_left et_pb_bg_layout_light\">\n<div class=\"et_pb_text_inner\">\n<p>A property situated in a very calm area in Kerala, far away from the hustles of tourism and road noisy roads.<\/p>\n<p>In an idyllic place, surrounded by forests, you will find lovingly furnished rooms built in the original Indian architectural style. An 8-cornered seminar hall, open to nature on all sides let the cool breeze sweep inside. A temple that invites you to meditate and feel the divine presence.<\/p>\n<\/div>\n<\/div>\n<p>[\/et_pb_slide][et_pb_slide heading=&#8220;Erkenne deine innere Kraft&#8220; button_text=&#8220;Erlebe HIAO Healing&#8220; button_link=&#8220;https:\/\/www.maha-maya-center.com\/hiao-retreat&#8220; image=&#8220;https:\/\/www.maha-maya-center.com\/root\/wp-content\/uploads\/2022\/05\/HIAO-Einzelsitzungen.jpg&#8220; _builder_version=&#8220;4.18.1&#8243; _module_preset=&#8220;default&#8220; header_font_size=&#8220;51px&#8220; background_color=&#8220;RGBA(255,255,255,0)&#8220; background_enable_color=&#8220;on&#8220; hover_enabled=&#8220;0&#8243; border_radii_image=&#8220;on|6px|6px|6px|6px&#8220; global_colors_info=&#8220;{}&#8220; sticky_transition=&#8220;on&#8220; url_new_window=&#8220;on&#8220; sticky_enabled=&#8220;0&#8243;]<\/p>\n<div class=\"et_pb_module et_pb_text et_pb_text_15  et_pb_text_align_left et_pb_bg_layout_light\">\n<div class=\"et_pb_text_inner\">\n<p>HIAO is a sound that in itself carries the memory of what makes us human and  and the power within ourselves.<\/p>\n<p>Our true potential is realized when we debunk our personal boundaries. Several factors like food, environment, thoughts, and emotions diminish our body vibrations. Due to this, we cannot always secure the spiritual energy within us. With HIAO exercises we learn to influence our nerves and chakras to hold the spiritual energy within our body. It enables us to identify with this higher consciousness and align ourselves with it.<\/p>\n<\/div>\n<\/div>\n<p>[\/et_pb_slide][et_pb_slide heading=&#8220;Entspanne deinen K\u00f6rper mit Ayurveda&#8220; image=&#8220;https:\/\/www.maha-maya-center.com\/root\/wp-content\/uploads\/2022\/05\/Ayuveda.jpg&#8220; _builder_version=&#8220;4.18.1&#8243; _module_preset=&#8220;default&#8220; header_font_size=&#8220;51px&#8220; background_color=&#8220;RGBA(255,255,255,0)&#8220; background_enable_color=&#8220;on&#8220; border_radii_image=&#8220;on|6px|6px|6px|6px&#8220; global_colors_info=&#8220;{}&#8220; sticky_transition=&#8220;on&#8220;]<\/p>\n<p>Feel the magic of 5,000+ years old Ayurveda. Our experienced massage therapists provide different types of Ayurvedic massages with warm herbal oils.<\/p>\n<p>[\/et_pb_slide][\/et_pb_slider][\/et_pb_column][\/et_pb_row][\/et_pb_section][et_pb_section fb_built=&#8220;1&#8243; module_id=&#8220;retreatcenter&#8220; _builder_version=&#8220;4.16&#8243; _module_preset=&#8220;default&#8220; custom_padding=&#8220;5px||0px|||&#8220; global_colors_info=&#8220;{}&#8220;][et_pb_row _builder_version=&#8220;4.17.3&#8243; _module_preset=&#8220;default&#8220; global_colors_info=&#8220;{}&#8220;][et_pb_column type=&#8220;4_4&#8243; _builder_version=&#8220;4.17.3&#8243; _module_preset=&#8220;default&#8220; global_colors_info=&#8220;{}&#8220;][et_pb_text _builder_version=&#8220;4.17.4&#8243; _module_preset=&#8220;default&#8220; header_3_font=&#8220;Raleway||||||||&#8220; header_4_font=&#8220;Raleway||||||||&#8220; global_colors_info=&#8220;{}&#8220;]<\/p>\n<h3 style=\"text-align: center;\">What you will experience at Maha Maya Center<\/h3>\n<p>&nbsp;<\/p>\n<p style=\"text-align: center;\">Maha Maya Center of Consciousness invites people from all over the world to come to this special place to reflect, find inner peace, and realize their true selves.<\/p>\n<p style=\"text-align: center;\">A place where you feel safe, a place that energetically invites you to meditate and become calm.<\/p>\n<p style=\"text-align: center;\">The Sanatan Dharma (origin of all religions) still celebrated in India and the spirituality lived in the center, the simplicity, the magic of the enchanting garden touches us deeply in our hearts.<\/p>\n<p style=\"text-align: center;\">All this and much more create the willingness, longing and inner intention to step out of many limitations and create a more free and happier life.<\/p>\n<p style=\"text-align: center;\">[\/et_pb_text][et_pb_button button_url=&#8220;https:\/\/www.maha-maya-center.com\/inquiry\/&#8220; button_text=&#8220;Schreibe uns&#8220; button_alignment=&#8220;center&#8220; _builder_version=&#8220;4.18.1&#8243; _module_preset=&#8220;default&#8220; hover_enabled=&#8220;0&#8243; global_colors_info=&#8220;{}&#8220; url_new_window=&#8220;on&#8220; sticky_enabled=&#8220;0&#8243;][\/et_pb_button][\/et_pb_column][\/et_pb_row][et_pb_row _builder_version=&#8220;4.18.1&#8243; _module_preset=&#8220;default&#8220; global_colors_info=&#8220;{}&#8220;][et_pb_column type=&#8220;4_4&#8243; _builder_version=&#8220;4.18.1&#8243; _module_preset=&#8220;default&#8220; global_colors_info=&#8220;{}&#8220;][et_pb_image src=&#8220;https:\/\/www.maha-maya-center.com\/root\/wp-content\/uploads\/2022\/09\/Entrance-Plate-Seminar-Hall.jpeg&#8220; title_text=&#8220;Entrance Plate Seminar Hall&#8220; _builder_version=&#8220;4.18.1&#8243; _module_preset=&#8220;default&#8220; global_colors_info=&#8220;{}&#8220;][\/et_pb_image][et_pb_button button_url=&#8220;https:\/\/www.maha-maya-center.com\/book-online\/&#8220; button_text=&#8220;Komm herein und lerne das Zentrum kennen&#8220; button_alignment=&#8220;center&#8220; _builder_version=&#8220;4.18.1&#8243; _module_preset=&#8220;default&#8220; hover_enabled=&#8220;0&#8243; global_colors_info=&#8220;{}&#8220; url_new_window=&#8220;on&#8220; sticky_enabled=&#8220;0&#8243;][\/et_pb_button][\/et_pb_column][\/et_pb_row][et_pb_row _builder_version=&#8220;4.16&#8243; _module_preset=&#8220;default&#8220; custom_margin=&#8220;||0px||false|false&#8220; custom_padding=&#8220;||0px||false|false&#8220; global_colors_info=&#8220;{}&#8220;][et_pb_column type=&#8220;4_4&#8243; _builder_version=&#8220;4.16&#8243; _module_preset=&#8220;default&#8220; global_colors_info=&#8220;{}&#8220;][et_pb_text _builder_version=&#8220;4.17.4&#8243; _module_preset=&#8220;default&#8220; header_3_font=&#8220;Raleway|600|||||||&#8220; global_colors_info=&#8220;{}&#8220;]<\/p>\n<h3 style=\"text-align: center;\">Gallery<\/h3>\n<p>[\/et_pb_text][et_pb_gallery gallery_ids=&#8220;1154,1413,1510,1693,1122,1692,1414,1607,1045,1066,993,1085,1146,1415,1511,1093&#8243; db_images_per_row=&#8220;4&#8243; db_image_max_width=&#8220;88%&#8220; db_image_row_spacing=&#8220;0%&#8220; db_image_object_fit=&#8220;initial&#8220; dbdb_version=&#8220;4.0.2&#8243; show_title_and_caption=&#8220;off&#8220; _builder_version=&#8220;4.17.4&#8243; _module_preset=&#8220;default&#8220; width=&#8220;100%&#8220; animation_style=&#8220;slide&#8220; global_colors_info=&#8220;{}&#8220;][\/et_pb_gallery][\/et_pb_column][\/et_pb_row][\/et_pb_section][et_pb_section fb_built=&#8220;1&#8243; _builder_version=&#8220;4.17.3&#8243; _module_preset=&#8220;default&#8220; background_color=&#8220;#cb0767&#8243; background_image=&#8220;https:\/\/www.maha-maya-center.com\/root\/wp-content\/uploads\/2022\/01\/light-retreatcenter-300&#215;225.jpeg&#8220; min_height=&#8220;412px&#8220; custom_margin=&#8220;0px||0px||false|false&#8220; custom_padding=&#8220;20px||20px||false|false&#8220; global_colors_info=&#8220;{}&#8220;][et_pb_row _builder_version=&#8220;4.16&#8243; _module_preset=&#8220;default&#8220; global_colors_info=&#8220;{}&#8220;][et_pb_column type=&#8220;4_4&#8243; _builder_version=&#8220;4.16&#8243; _module_preset=&#8220;default&#8220; global_colors_info=&#8220;{}&#8220;][et_pb_text _builder_version=&#8220;4.17.4&#8243; _module_preset=&#8220;default&#8220; text_font=&#8220;|700|||||||&#8220; text_text_color=&#8220;#FFFFFF&#8220; text_font_size=&#8220;28px&#8220; header_text_color=&#8220;#FFFFFF&#8220; header_4_font=&#8220;Raleway|300|on||||||&#8220; header_5_font=&#8220;Raleway|300|on||||||&#8220; header_5_font_size=&#8220;27px&#8220; header_5_line_height=&#8220;1.4em&#8220; global_colors_info=&#8220;{}&#8220;]<\/p>\n<h5 style=\"text-align: right;\"><a href=\"https:\/\/www.maha-maya-center.com\/en\/\" target=\"_blank\" rel=\"noopener\"><strong><span style=\"color: #ffffff;\"><\/span><\/strong><\/a><\/h5>\n<h5 style=\"text-align: right;\"><span style=\"color: #ffffff;\"><b>When we put everything aside,<br \/>all your success and all your failure,<br \/>all your family issues,<br \/>all the troubles that concern you - just everything. <\/b><\/span><\/h5>\n<h5 style=\"text-align: right;\"><span style=\"color: #ffffff;\"><b>Who are you?<\/b><\/span><\/h5>\n<h5 style=\"text-align: right;\"><span style=\"color: #ffffff;\"><b>Are you ready to face that -<br \/>ready to face your destiny?<\/b><\/span><\/h5>\n<p>[\/et_pb_text][\/et_pb_column][\/et_pb_row][\/et_pb_section][et_pb_section fb_built=&#8220;1&#8243; _builder_version=&#8220;4.17.4&#8243; _module_preset=&#8220;default&#8220; global_colors_info=&#8220;{}&#8220;][et_pb_row _builder_version=&#8220;4.17.3&#8243; _module_preset=&#8220;default&#8220; global_colors_info=&#8220;{}&#8220;][et_pb_column type=&#8220;4_4&#8243; _builder_version=&#8220;4.17.3&#8243; _module_preset=&#8220;default&#8220; global_colors_info=&#8220;{}&#8220;][et_pb_contact_form email=&#8220;info@maha-maya-center.com&#8220; title=&#8220;Inquiry&#8220; use_redirect=&#8220;on&#8220; redirect_url=&#8220;https:\/\/www.maha-maya-center.com\/inquiry-confirmation\/&#8220; _builder_version=&#8220;4.17.4&#8243; _module_preset=&#8220;default&#8220; _unique_id=&#8220;b77cd27d-9dfd-4367-a948-13609ce12a2a&#8220; title_level=&#8220;h3&#8243; title_font=&#8220;Raleway||||||||&#8220; global_colors_info=&#8220;{}&#8220;][et_pb_contact_field field_id=&#8220;Name&#8220; field_title=&#8220;Name&#8220; _builder_version=&#8220;4.16&#8243; global_colors_info=&#8220;{}&#8220; button_text_size__hover_enabled=&#8220;off&#8220; button_one_text_size__hover_enabled=&#8220;off&#8220; button_two_text_size__hover_enabled=&#8220;off&#8220; button_text_color__hover_enabled=&#8220;off&#8220; button_one_text_color__hover_enabled=&#8220;off&#8220; button_two_text_color__hover_enabled=&#8220;off&#8220; button_border_width__hover_enabled=&#8220;off&#8220; button_one_border_width__hover_enabled=&#8220;off&#8220; button_two_border_width__hover_enabled=&#8220;off&#8220; button_border_color__hover_enabled=&#8220;off&#8220; button_one_border_color__hover_enabled=&#8220;off&#8220; button_two_border_color__hover_enabled=&#8220;off&#8220; button_border_radius__hover_enabled=&#8220;off&#8220; button_one_border_radius__hover_enabled=&#8220;off&#8220; button_two_border_radius__hover_enabled=&#8220;off&#8220; button_letter_spacing__hover_enabled=&#8220;off&#8220; button_one_letter_spacing__hover_enabled=&#8220;off&#8220; button_two_letter_spacing__hover_enabled=&#8220;off&#8220; button_bg_color__hover_enabled=&#8220;off&#8220; button_one_bg_color__hover_enabled=&#8220;off&#8220; button_two_bg_color__hover_enabled=&#8220;off&#8220;][\/et_pb_contact_field][et_pb_contact_field field_id=&#8220;Email&#8220; field_title=&#8220;Email Address&#8220; field_type=&#8220;email&#8220; _builder_version=&#8220;4.16&#8243; global_colors_info=&#8220;{}&#8220; button_text_size__hover_enabled=&#8220;off&#8220; button_one_text_size__hover_enabled=&#8220;off&#8220; button_two_text_size__hover_enabled=&#8220;off&#8220; button_text_color__hover_enabled=&#8220;off&#8220; button_one_text_color__hover_enabled=&#8220;off&#8220; button_two_text_color__hover_enabled=&#8220;off&#8220; button_border_width__hover_enabled=&#8220;off&#8220; button_one_border_width__hover_enabled=&#8220;off&#8220; button_two_border_width__hover_enabled=&#8220;off&#8220; button_border_color__hover_enabled=&#8220;off&#8220; button_one_border_color__hover_enabled=&#8220;off&#8220; button_two_border_color__hover_enabled=&#8220;off&#8220; button_border_radius__hover_enabled=&#8220;off&#8220; button_one_border_radius__hover_enabled=&#8220;off&#8220; button_two_border_radius__hover_enabled=&#8220;off&#8220; button_letter_spacing__hover_enabled=&#8220;off&#8220; button_one_letter_spacing__hover_enabled=&#8220;off&#8220; button_two_letter_spacing__hover_enabled=&#8220;off&#8220; button_bg_color__hover_enabled=&#8220;off&#8220; button_one_bg_color__hover_enabled=&#8220;off&#8220; button_two_bg_color__hover_enabled=&#8220;off&#8220;][\/et_pb_contact_field][et_pb_contact_field field_id=&#8220;type_of_inquiry&#8220; field_title=&#8220;Type of Inquiry&#8220; field_type=&#8220;checkbox&#8220; checkbox_options=&#8220;%91{%22value%22:%22HIAO Single Retreat%22,%22checked%22:0,%22dragID%22:-1},{%22value%22:%22Request for Group Retreat%22,%22checked%22:0,%22dragID%22:0},{%22value%22:%22Other request%22,%22checked%22:0,%22dragID%22:1}%93&#8243; fullwidth_field=&#8220;on&#8220; _builder_version=&#8220;4.17.4&#8243; _module_preset=&#8220;default&#8220; global_colors_info=&#8220;{}&#8220;][\/et_pb_contact_field][et_pb_contact_field field_id=&#8220;date_of_arrival&#8220; field_title=&#8220;Required Date of Arrival (TT\/MM\/JJJJ)&#8220; required_mark=&#8220;off&#8220; fullwidth_field=&#8220;on&#8220; _builder_version=&#8220;4.17.4&#8243; _module_preset=&#8220;default&#8220; global_colors_info=&#8220;{}&#8220;][\/et_pb_contact_field][et_pb_contact_field field_id=&#8220;duration_of_stay&#8220; field_title=&#8220;Requested Duration of Stay (in days)&#8220; allowed_symbols=&#8220;numbers&#8220; required_mark=&#8220;off&#8220; fullwidth_field=&#8220;on&#8220; _builder_version=&#8220;4.17.4&#8243; _module_preset=&#8220;default&#8220; global_colors_info=&#8220;{}&#8220;][\/et_pb_contact_field][et_pb_contact_field field_id=&#8220;Message&#8220; field_title=&#8220;Please specify your inquiry&#8220; field_type=&#8220;text&#8220; fullwidth_field=&#8220;on&#8220; _builder_version=&#8220;4.17.4&#8243; global_colors_info=&#8220;{}&#8220; button_text_size__hover_enabled=&#8220;off&#8220; button_one_text_size__hover_enabled=&#8220;off&#8220; button_two_text_size__hover_enabled=&#8220;off&#8220; button_text_color__hover_enabled=&#8220;off&#8220; button_one_text_color__hover_enabled=&#8220;off&#8220; button_two_text_color__hover_enabled=&#8220;off&#8220; button_border_width__hover_enabled=&#8220;off&#8220; button_one_border_width__hover_enabled=&#8220;off&#8220; button_two_border_width__hover_enabled=&#8220;off&#8220; button_border_color__hover_enabled=&#8220;off&#8220; button_one_border_color__hover_enabled=&#8220;off&#8220; button_two_border_color__hover_enabled=&#8220;off&#8220; button_border_radius__hover_enabled=&#8220;off&#8220; button_one_border_radius__hover_enabled=&#8220;off&#8220; button_two_border_radius__hover_enabled=&#8220;off&#8220; button_letter_spacing__hover_enabled=&#8220;off&#8220; button_one_letter_spacing__hover_enabled=&#8220;off&#8220; button_two_letter_spacing__hover_enabled=&#8220;off&#8220; button_bg_color__hover_enabled=&#8220;off&#8220; button_one_bg_color__hover_enabled=&#8220;off&#8220; button_two_bg_color__hover_enabled=&#8220;off&#8220;][\/et_pb_contact_field][\/et_pb_contact_form][\/et_pb_column][\/et_pb_row][\/et_pb_section][et_pb_section fb_built=&#8220;1&#8243; _builder_version=&#8220;4.16&#8243; _module_preset=&#8220;default&#8220; background_color=&#8220;#cb0767&#8243; custom_margin=&#8220;0px||0px||false|false&#8220; custom_padding=&#8220;20px||20px||false|false&#8220; global_colors_info=&#8220;{}&#8220;][et_pb_row _builder_version=&#8220;4.16&#8243; _module_preset=&#8220;default&#8220; global_colors_info=&#8220;{}&#8220;][et_pb_column type=&#8220;4_4&#8243; _builder_version=&#8220;4.16&#8243; _module_preset=&#8220;default&#8220; global_colors_info=&#8220;{}&#8220;][et_pb_text _builder_version=&#8220;4.16&#8243; _module_preset=&#8220;default&#8220; text_font=&#8220;|700|||||||&#8220; text_text_color=&#8220;#FFFFFF&#8220; text_font_size=&#8220;28px&#8220; header_text_color=&#8220;#FFFFFF&#8220; global_colors_info=&#8220;{}&#8220;]<\/p>\n<p style=\"text-align: center;\"><a href=\"https:\/\/www.maha-maya-center.com\/en\/\" target=\"_blank\" rel=\"noopener\"><strong><span style=\"color: #ffffff;\">www.maha-maya-center.com<\/span><\/strong><\/a><\/p>\n<p>[\/et_pb_text][\/et_pb_column][\/et_pb_row][\/et_pb_section][et_pb_section fb_built=&#8220;1&#8243; _builder_version=&#8220;4.16&#8243; _module_preset=&#8220;default&#8220; background_color=&#8220;#d9eacf&#8220; global_colors_info=&#8220;{}&#8220;][et_pb_row column_structure=&#8220;1_3,1_3,1_3&#8243; _builder_version=&#8220;4.16&#8243; _module_preset=&#8220;default&#8220; global_colors_info=&#8220;{}&#8220;][et_pb_column type=&#8220;1_3&#8243; _builder_version=&#8220;4.16&#8243; _module_preset=&#8220;default&#8220; global_colors_info=&#8220;{}&#8220;][et_pb_text _builder_version=&#8220;4.17.3&#8243; _module_preset=&#8220;default&#8220; global_colors_info=&#8220;{}&#8220;]<\/p>\n<p><span style=\"color: #cb0767;\"><strong>Maha Maya Center of Consciousness<\/strong><\/span><br \/>Parvati Reicher<br \/>W\u00e4hringerstra\u00dfe 70\/3<br \/>1090 Wien<\/p>\n<p><a href=\"mailto:info@maha-maya-center.com\">info@maha-maya-center.com<\/a><br \/>Tel.: 0043 699 11 044 258<\/p>\n<p>[\/et_pb_text][\/et_pb_column][et_pb_column type=&#8220;1_3&#8243; _builder_version=&#8220;4.16&#8243; _module_preset=&#8220;default&#8220; global_colors_info=&#8220;{}&#8220;][et_pb_text _builder_version=&#8220;4.17.3&#8243; _module_preset=&#8220;default&#8220; global_colors_info=&#8220;{}&#8220;]<\/p>\n<p><span style=\"color: #cb0767;\"><strong>Maha Maya Center of Consciousness pvt ltd<br \/><\/strong><\/span>Near St Thomas church,<br \/>Olive mount<br \/>Tabore P.O<br \/>Postal code \u2013 683577<br \/>Mookkannoor, Angamaly<br \/>Ernakulam district, Kerala<\/p>\n<p>Destination Airport: Cochin<\/p>\n<p>[\/et_pb_text][\/et_pb_column][et_pb_column type=&#8220;1_3&#8243; _builder_version=&#8220;4.16&#8243; _module_preset=&#8220;default&#8220; global_colors_info=&#8220;{}&#8220;][et_pb_social_media_follow _builder_version=&#8220;4.16&#8243; _module_preset=&#8220;default&#8220; text_orientation=&#8220;center&#8220; global_colors_info=&#8220;{}&#8220;][et_pb_social_media_follow_network social_network=&#8220;facebook&#8220; url=&#8220;https:\/\/www.facebook.com\/mahamayacenter&#8220; _builder_version=&#8220;4.16&#8243; _module_preset=&#8220;default&#8220; background_color=&#8220;#3b5998&#8243; global_colors_info=&#8220;{}&#8220; follow_button=&#8220;off&#8220; url_new_window=&#8220;on&#8220;]facebook[\/et_pb_social_media_follow_network][et_pb_social_media_follow_network social_network=&#8220;instagram&#8220; url=&#8220;https:\/\/www.instagram.com\/mahamayacenter\/&#8220; _builder_version=&#8220;4.16&#8243; _module_preset=&#8220;default&#8220; background_color=&#8220;#ea2c59&#8243; global_colors_info=&#8220;{}&#8220; follow_button=&#8220;off&#8220; url_new_window=&#8220;on&#8220;]instagram[\/et_pb_social_media_follow_network][\/et_pb_social_media_follow][et_pb_text _builder_version=&#8220;4.16&#8243; _module_preset=&#8220;default&#8220; global_colors_info=&#8220;{}&#8220;]<\/p>\n<p><a href=\"https:\/\/www.maha-maya-center.com\/en\/root\/impressum\/\" title=\"Disclaimer\">Disclaimer<\/a><\/p>\n<p><a href=\"https:\/\/www.maha-maya-center.com\/en\/root\/datenschutzerklarung\/\" title=\"Privacy policy\">Privacy policy<\/a><\/p>\n<p>[\/et_pb_text][\/et_pb_column][\/et_pb_row][\/et_pb_section]<\/p>","protected":false},"excerpt":{"rendered":"<p>Ein Grundst\u00fcck in einer sehr abgelegenen Gegend in Kerala, abseits von Tourismus und Stra\u00dfenl\u00e4rm. An einem idyllischen Platz, umringt von W\u00e4ldern, finden sich liebevoll eingerichtete Zimmer im urspr\u00fcnglichen indischen Baustil. Ein 8-eckiger Seminarraum, der an den Seiten offen ist, wodurch ein k\u00fchler Wind herein wehen kann. Ein Tempel, der zur Meditation einl\u00e4dt. HIAO ist ein [&hellip;]<\/p>","protected":false},"author":2,"featured_media":0,"parent":0,"menu_order":0,"comment_status":"closed","ping_status":"closed","template":"","meta":{"_et_pb_use_builder":"on","_et_pb_old_content":"","_et_gb_content_width":"","footnotes":""},"class_list":["post-1761","page","type-page","status-publish","hentry"],"_links":{"self":[{"href":"https:\/\/www.maha-maya-center.com\/en\/wp-json\/wp\/v2\/pages\/1761","targetHints":{"allow":["GET"]}}],"collection":[{"href":"https:\/\/www.maha-maya-center.com\/en\/wp-json\/wp\/v2\/pages"}],"about":[{"href":"https:\/\/www.maha-maya-center.com\/en\/wp-json\/wp\/v2\/types\/page"}],"author":[{"embeddable":true,"href":"https:\/\/www.maha-maya-center.com\/en\/wp-json\/wp\/v2\/users\/2"}],"replies":[{"embeddable":true,"href":"https:\/\/www.maha-maya-center.com\/en\/wp-json\/wp\/v2\/comments?post=1761"}],"version-history":[{"count":10,"href":"https:\/\/www.maha-maya-center.com\/en\/wp-json\/wp\/v2\/pages\/1761\/revisions"}],"predecessor-version":[{"id":2170,"href":"https:\/\/www.maha-maya-center.com\/en\/wp-json\/wp\/v2\/pages\/1761\/revisions\/2170"}],"wp:attachment":[{"href":"https:\/\/www.maha-maya-center.com\/en\/wp-json\/wp\/v2\/media?parent=1761"}],"curies":[{"name":"wp","href":"https:\/\/api.w.org\/{rel}","templated":true}]}}